{"id":34,"date":"2020-02-19T23:12:02","date_gmt":"2020-02-20T02:12:02","guid":{"rendered":"https:\/\/www.marinmaskin.com\/?page_id=34"},"modified":"2020-03-21T16:47:23","modified_gmt":"2020-03-21T19:47:23","slug":"about","status":"publish","type":"page","link":"https:\/\/www.marinmaskin.com\/se\/about\/","title":{"rendered":"OM"},"content":{"rendered":"<div data-elementor-type=\"wp-page\" data-elementor-id=\"34\" class=\"elementor elementor-34\">\n\t\t\t\t\t\t<section class=\"elementor-section elementor-top-section elementor-element elementor-element-5e59cc36 elementor-section-content-middle elementor-section-boxed elementor-section-height-default elementor-section-height-default\" data-id=\"5e59cc36\" data-element_type=\"section\" data-settings=\"{&quot;background_background&quot;:&quot;classic&quot;}\">\n\t\t\t\t\t\t\t<div class=\"elementor-background-overlay\"><\/div>\n\t\t\t\t\t\t\t<div class=\"elementor-container elementor-column-gap-no\">\n\t\t\t\t\t<div class=\"elementor-column elementor-col-33 elementor-top-column elementor-element elementor-element-46bf1227 elementor-hidden-tablet elementor-hidden-phone\" data-id=\"46bf1227\" data-element_type=\"column\">\n\t\t\t<div class=\"elementor-widget-wrap elementor-element-populated\">\n\t\t\t\t\t\t<div class=\"elementor-element elementor-element-716d93c7 elementor-widget elementor-widget-image\" data-id=\"716d93c7\" data-element_type=\"widget\" data-widget_type=\"image.default\">\n\t\t\t\t<div class=\"elementor-widget-container\">\n\t\t\t\t\t\t\t\t\t\t\t\t\t\t\t<img fetchpriority=\"high\" decoding=\"async\" width=\"181\" height=\"585\" src=\"https:\/\/www.marinmaskin.com\/wp-content\/uploads\/2020\/02\/corda-1280-397.png\" class=\"attachment-full size-full wp-image-105\" alt=\"\" srcset=\"https:\/\/www.marinmaskin.com\/wp-content\/uploads\/2020\/02\/corda-1280-397.png 181w, https:\/\/www.marinmaskin.com\/wp-content\/uploads\/2020\/02\/corda-1280-397-93x300.png 93w\" sizes=\"(max-width: 181px) 100vw, 181px\" \/>\t\t\t\t\t\t\t\t\t\t\t\t\t\t\t<\/div>\n\t\t\t\t<\/div>\n\t\t\t\t\t<\/div>\n\t\t<\/div>\n\t\t\t\t<div class=\"elementor-column elementor-col-66 elementor-top-column elementor-element elementor-element-130f31fb\" data-id=\"130f31fb\" data-element_type=\"column\">\n\t\t\t<div class=\"elementor-widget-wrap elementor-element-populated\">\n\t\t\t\t\t\t<section class=\"elementor-section elementor-inner-section elementor-element elementor-element-dca0b9b elementor-section-boxed elementor-section-height-default elementor-section-height-default\" data-id=\"dca0b9b\" data-element_type=\"section\">\n\t\t\t\t\t\t<div class=\"elementor-container elementor-column-gap-default\">\n\t\t\t\t\t<div class=\"elementor-column elementor-col-33 elementor-inner-column elementor-element elementor-element-9623afc\" data-id=\"9623afc\" data-element_type=\"column\">\n\t\t\t<div class=\"elementor-widget-wrap\">\n\t\t\t\t\t\t\t<\/div>\n\t\t<\/div>\n\t\t\t\t<div class=\"elementor-column elementor-col-66 elementor-inner-column elementor-element elementor-element-a8cb1e1\" data-id=\"a8cb1e1\" data-element_type=\"column\">\n\t\t\t<div class=\"elementor-widget-wrap elementor-element-populated\">\n\t\t\t\t\t\t<div class=\"elementor-element elementor-element-af3366e elementor-widget elementor-widget-heading\" data-id=\"af3366e\" data-element_type=\"widget\" data-widget_type=\"heading.default\">\n\t\t\t\t<div class=\"elementor-widget-container\">\n\t\t\t\t\t<h2 class=\"elementor-heading-title elementor-size-default\">Om oss<\/h2>\t\t\t\t<\/div>\n\t\t\t\t<\/div>\n\t\t\t\t\t<\/div>\n\t\t<\/div>\n\t\t\t\t\t<\/div>\n\t\t<\/section>\n\t\t\t\t<section class=\"elementor-section elementor-inner-section elementor-element elementor-element-16a522c elementor-section-boxed elementor-section-height-default elementor-section-height-default\" data-id=\"16a522c\" data-element_type=\"section\">\n\t\t\t\t\t\t<div class=\"elementor-container elementor-column-gap-default\">\n\t\t\t\t\t<div class=\"elementor-column elementor-col-33 elementor-inner-column elementor-element elementor-element-8185522\" data-id=\"8185522\" data-element_type=\"column\">\n\t\t\t<div class=\"elementor-widget-wrap elementor-element-populated\">\n\t\t\t\t\t\t<div class=\"elementor-element elementor-element-4267092 elementor-widget__width-auto elementor-widget elementor-widget-heading\" data-id=\"4267092\" data-element_type=\"widget\" data-widget_type=\"heading.default\">\n\t\t\t\t<div class=\"elementor-widget-container\">\n\t\t\t\t\t<h2 class=\"elementor-heading-title elementor-size-default\">1982<\/h2>\t\t\t\t<\/div>\n\t\t\t\t<\/div>\n\t\t\t\t<div class=\"elementor-element elementor-element-c37ded8 elementor-widget__width-auto elementor-widget elementor-widget-image\" data-id=\"c37ded8\" data-element_type=\"widget\" data-widget_type=\"image.default\">\n\t\t\t\t<div class=\"elementor-widget-container\">\n\t\t\t\t\t\t\t\t\t\t\t\t\t\t\t<img decoding=\"async\" width=\"15\" height=\"24\" src=\"https:\/\/www.marinmaskin.com\/wp-content\/uploads\/2020\/02\/Chevron_Right_Icon_1.png\" class=\"attachment-full size-full wp-image-114\" alt=\"\" \/>\t\t\t\t\t\t\t\t\t\t\t\t\t\t\t<\/div>\n\t\t\t\t<\/div>\n\t\t\t\t\t<\/div>\n\t\t<\/div>\n\t\t\t\t<div class=\"elementor-column elementor-col-66 elementor-inner-column elementor-element elementor-element-8a05b23\" data-id=\"8a05b23\" data-element_type=\"column\">\n\t\t\t<div class=\"elementor-widget-wrap elementor-element-populated\">\n\t\t\t\t\t\t<div class=\"elementor-element elementor-element-e337db5 elementor-widget elementor-widget-text-editor\" data-id=\"e337db5\" data-element_type=\"widget\" data-widget_type=\"text-editor.default\">\n\t\t\t\t<div class=\"elementor-widget-container\">\n\t\t\t\t\t\t\t\t\t<p>Marin &amp; Maskin startades 1982 av Tommie Avelin. I b\u00f6rjan l\u00e5g fokus p\u00e5 hamnbogsering i Stockholm med bogserb\u00e5tar.<\/p>\t\t\t\t\t\t\t\t<\/div>\n\t\t\t\t<\/div>\n\t\t\t\t\t<\/div>\n\t\t<\/div>\n\t\t\t\t\t<\/div>\n\t\t<\/section>\n\t\t\t\t<section class=\"elementor-section elementor-inner-section elementor-element elementor-element-4b959a0 elementor-section-boxed elementor-section-height-default elementor-section-height-default\" data-id=\"4b959a0\" data-element_type=\"section\">\n\t\t\t\t\t\t<div class=\"elementor-container elementor-column-gap-default\">\n\t\t\t\t\t<div class=\"elementor-column elementor-col-33 elementor-inner-column elementor-element elementor-element-c1e6e24\" data-id=\"c1e6e24\" data-element_type=\"column\">\n\t\t\t<div class=\"elementor-widget-wrap elementor-element-populated\">\n\t\t\t\t\t\t<div class=\"elementor-element elementor-element-3ad55f6 elementor-widget__width-auto elementor-widget elementor-widget-heading\" data-id=\"3ad55f6\" data-element_type=\"widget\" data-widget_type=\"heading.default\">\n\t\t\t\t<div class=\"elementor-widget-container\">\n\t\t\t\t\t<h2 class=\"elementor-heading-title elementor-size-default\">1990<\/h2>\t\t\t\t<\/div>\n\t\t\t\t<\/div>\n\t\t\t\t<div class=\"elementor-element elementor-element-933212d elementor-widget__width-auto elementor-widget elementor-widget-image\" data-id=\"933212d\" data-element_type=\"widget\" data-widget_type=\"image.default\">\n\t\t\t\t<div class=\"elementor-widget-container\">\n\t\t\t\t\t\t\t\t\t\t\t\t\t\t\t<img decoding=\"async\" width=\"15\" height=\"24\" src=\"https:\/\/www.marinmaskin.com\/wp-content\/uploads\/2020\/02\/Chevron_Right_Icon_1.png\" class=\"attachment-full size-full wp-image-114\" alt=\"\" \/>\t\t\t\t\t\t\t\t\t\t\t\t\t\t\t<\/div>\n\t\t\t\t<\/div>\n\t\t\t\t\t<\/div>\n\t\t<\/div>\n\t\t\t\t<div class=\"elementor-column elementor-col-66 elementor-inner-column elementor-element elementor-element-d7adb2f\" data-id=\"d7adb2f\" data-element_type=\"column\">\n\t\t\t<div class=\"elementor-widget-wrap elementor-element-populated\">\n\t\t\t\t\t\t<div class=\"elementor-element elementor-element-6df0585 elementor-widget elementor-widget-text-editor\" data-id=\"6df0585\" data-element_type=\"widget\" data-widget_type=\"text-editor.default\">\n\t\t\t\t<div class=\"elementor-widget-container\">\n\t\t\t\t\t\t\t\t\t<p>Efter n\u00e5gra \u00e5r inkluderades passagerarb\u00e5tar i verksamheten, som mest opererade f\u00f6retaget 5 fartyg samtidigt i Stockholms inre sk\u00e4rg\u00e5rd.\u00a0<\/p>\t\t\t\t\t\t\t\t<\/div>\n\t\t\t\t<\/div>\n\t\t\t\t\t<\/div>\n\t\t<\/div>\n\t\t\t\t\t<\/div>\n\t\t<\/section>\n\t\t\t\t<section class=\"elementor-section elementor-inner-section elementor-element elementor-element-1c7bd66 elementor-section-boxed elementor-section-height-default elementor-section-height-default\" data-id=\"1c7bd66\" data-element_type=\"section\">\n\t\t\t\t\t\t<div class=\"elementor-container elementor-column-gap-default\">\n\t\t\t\t\t<div class=\"elementor-column elementor-col-33 elementor-inner-column elementor-element elementor-element-3281e6d\" data-id=\"3281e6d\" data-element_type=\"column\">\n\t\t\t<div class=\"elementor-widget-wrap elementor-element-populated\">\n\t\t\t\t\t\t<div class=\"elementor-element elementor-element-60352e9 elementor-widget__width-auto elementor-widget elementor-widget-heading\" data-id=\"60352e9\" data-element_type=\"widget\" data-widget_type=\"heading.default\">\n\t\t\t\t<div class=\"elementor-widget-container\">\n\t\t\t\t\t<h2 class=\"elementor-heading-title elementor-size-default\">1993<\/h2>\t\t\t\t<\/div>\n\t\t\t\t<\/div>\n\t\t\t\t<div class=\"elementor-element elementor-element-69a0787 elementor-widget__width-auto elementor-widget elementor-widget-image\" data-id=\"69a0787\" data-element_type=\"widget\" data-widget_type=\"image.default\">\n\t\t\t\t<div class=\"elementor-widget-container\">\n\t\t\t\t\t\t\t\t\t\t\t\t\t\t\t<img decoding=\"async\" width=\"15\" height=\"24\" src=\"https:\/\/www.marinmaskin.com\/wp-content\/uploads\/2020\/02\/Chevron_Right_Icon_1.png\" class=\"attachment-full size-full wp-image-114\" alt=\"\" \/>\t\t\t\t\t\t\t\t\t\t\t\t\t\t\t<\/div>\n\t\t\t\t<\/div>\n\t\t\t\t\t<\/div>\n\t\t<\/div>\n\t\t\t\t<div class=\"elementor-column elementor-col-66 elementor-inner-column elementor-element elementor-element-eeadc3c\" data-id=\"eeadc3c\" data-element_type=\"column\">\n\t\t\t<div class=\"elementor-widget-wrap elementor-element-populated\">\n\t\t\t\t\t\t<div class=\"elementor-element elementor-element-584089b elementor-widget elementor-widget-text-editor\" data-id=\"584089b\" data-element_type=\"widget\" data-widget_type=\"text-editor.default\">\n\t\t\t\t<div class=\"elementor-widget-container\">\n\t\t\t\t\t\t\t\t\t<p>1993 \u00e4ndrades inriktning p\u00e5 verksamheten mot teknisk f\u00f6rs\u00e4ljning av reservdelar, service samt installation av reservkrafts generatorer och marinmotorer.\u00a0<\/p>\t\t\t\t\t\t\t\t<\/div>\n\t\t\t\t<\/div>\n\t\t\t\t\t<\/div>\n\t\t<\/div>\n\t\t\t\t\t<\/div>\n\t\t<\/section>\n\t\t\t\t<section class=\"elementor-section elementor-inner-section elementor-element elementor-element-f4f9023 elementor-section-boxed elementor-section-height-default elementor-section-height-default\" data-id=\"f4f9023\" data-element_type=\"section\">\n\t\t\t\t\t\t<div class=\"elementor-container elementor-column-gap-default\">\n\t\t\t\t\t<div class=\"elementor-column elementor-col-33 elementor-inner-column elementor-element elementor-element-afaf518\" data-id=\"afaf518\" data-element_type=\"column\">\n\t\t\t<div class=\"elementor-widget-wrap elementor-element-populated\">\n\t\t\t\t\t\t<div class=\"elementor-element elementor-element-0efc96a elementor-widget__width-auto elementor-widget elementor-widget-heading\" data-id=\"0efc96a\" data-element_type=\"widget\" data-widget_type=\"heading.default\">\n\t\t\t\t<div class=\"elementor-widget-container\">\n\t\t\t\t\t<h2 class=\"elementor-heading-title elementor-size-default\">2010<\/h2>\t\t\t\t<\/div>\n\t\t\t\t<\/div>\n\t\t\t\t<div class=\"elementor-element elementor-element-b2283a2 elementor-widget__width-auto elementor-widget elementor-widget-image\" data-id=\"b2283a2\" data-element_type=\"widget\" data-widget_type=\"image.default\">\n\t\t\t\t<div class=\"elementor-widget-container\">\n\t\t\t\t\t\t\t\t\t\t\t\t\t\t\t<img decoding=\"async\" width=\"15\" height=\"24\" src=\"https:\/\/www.marinmaskin.com\/wp-content\/uploads\/2020\/02\/Chevron_Right_Icon_1.png\" class=\"attachment-full size-full wp-image-114\" alt=\"\" \/>\t\t\t\t\t\t\t\t\t\t\t\t\t\t\t<\/div>\n\t\t\t\t<\/div>\n\t\t\t\t\t<\/div>\n\t\t<\/div>\n\t\t\t\t<div class=\"elementor-column elementor-col-66 elementor-inner-column elementor-element elementor-element-8ea2c26\" data-id=\"8ea2c26\" data-element_type=\"column\">\n\t\t\t<div class=\"elementor-widget-wrap elementor-element-populated\">\n\t\t\t\t\t\t<div class=\"elementor-element elementor-element-10b86a5 elementor-widget elementor-widget-text-editor\" data-id=\"10b86a5\" data-element_type=\"widget\" data-widget_type=\"text-editor.default\">\n\t\t\t\t<div class=\"elementor-widget-container\">\n\t\t\t\t\t\t\t\t\t<p>I dag agerar Marin &amp; Maskin som en grossist och representant f\u00f6r flera Europeiska producenter av marin och industriell utrustning och system och levererar till kunder fr\u00e4mst i Norden.<\/p>\t\t\t\t\t\t\t\t<\/div>\n\t\t\t\t<\/div>\n\t\t\t\t\t<\/div>\n\t\t<\/div>\n\t\t\t\t\t<\/div>\n\t\t<\/section>\n\t\t\t\t<div class=\"elementor-element elementor-element-7265dbd elementor-widget elementor-widget-image\" data-id=\"7265dbd\" data-element_type=\"widget\" data-widget_type=\"image.default\">\n\t\t\t\t<div class=\"elementor-widget-container\">\n\t\t\t\t\t\t\t\t\t\t\t\t\t\t\t\t<a href=\"#team\">\n\t\t\t\t\t\t\t<img decoding=\"async\" width=\"47\" height=\"29\" src=\"https:\/\/www.marinmaskin.com\/wp-content\/uploads\/2020\/02\/Chevron_Right_Icon_8.png\" class=\"attachment-large size-large wp-image-115\" alt=\"\" \/>\t\t\t\t\t\t\t\t<\/a>\n\t\t\t\t\t\t\t\t\t\t\t\t\t\t\t<\/div>\n\t\t\t\t<\/div>\n\t\t\t\t\t<\/div>\n\t\t<\/div>\n\t\t\t\t\t<\/div>\n\t\t<\/section>\n\t\t\t\t<section class=\"elementor-section elementor-top-section elementor-element elementor-element-ab500d9 elementor-section-boxed elementor-section-height-default elementor-section-height-default\" data-id=\"ab500d9\" data-element_type=\"section\" id=\"team\" data-settings=\"{&quot;background_background&quot;:&quot;classic&quot;}\">\n\t\t\t\t\t\t<div class=\"elementor-container elementor-column-gap-default\">\n\t\t\t\t\t<div class=\"elementor-column elementor-col-100 elementor-top-column elementor-element elementor-element-354ebf1\" data-id=\"354ebf1\" data-element_type=\"column\">\n\t\t\t<div class=\"elementor-widget-wrap elementor-element-populated\">\n\t\t\t\t\t\t<div class=\"elementor-element elementor-element-9e1d8a2 elementor-widget elementor-widget-heading\" data-id=\"9e1d8a2\" data-element_type=\"widget\" data-widget_type=\"heading.default\">\n\t\t\t\t<div class=\"elementor-widget-container\">\n\t\t\t\t\t<h2 class=\"elementor-heading-title elementor-size-default\">M\u00f6t V\u00e5rt Team<\/h2>\t\t\t\t<\/div>\n\t\t\t\t<\/div>\n\t\t\t\t<div class=\"elementor-element elementor-element-c3b1113 elementor-widget elementor-widget-text-editor\" data-id=\"c3b1113\" data-element_type=\"widget\" data-widget_type=\"text-editor.default\">\n\t\t\t\t<div class=\"elementor-widget-container\">\n\t\t\t\t\t\t\t\t\t<p>Teknik i all \u00e4ra men inget sl\u00e5r den m\u00e4nskliga faktorn. Det \u00e4r d\u00e4rf\u00f6r Marin &amp; Maskin efterstr\u00e4var de mest kompetenta individerna i teamet. Vi vill ha personer som delar v\u00e5ra k\u00e4rnv\u00e4rden och v\u00e5r filosofi om att er verksamhet \u00e4r v\u00e5r verksamhet. Medarbetarna i v\u00e5rt team har olika kompetens och kompletterar varandra samt vidareutbildar sig kontinuerligt f\u00f6r att kunna supporta v\u00e5ra kunder och samarbetspartner p\u00e5 b\u00e4sta s\u00e4tt. Vi i Marin &amp; Maskin \u00e4r h\u00e4ngivna yrkesm\u00e4n och skall  levererar b\u00e4sta m\u00f6jliga kundsupport och kvalitetsprodukter. Denna h\u00e4ngivenhet finns i allt vi g\u00f6r.<\/p>\t\t\t\t\t\t\t\t<\/div>\n\t\t\t\t<\/div>\n\t\t\t\t<section class=\"elementor-section elementor-inner-section elementor-element elementor-element-2a87651 elementor-section-boxed elementor-section-height-default elementor-section-height-default\" data-id=\"2a87651\" data-element_type=\"section\">\n\t\t\t\t\t\t<div class=\"elementor-container elementor-column-gap-default\">\n\t\t\t\t\t<div class=\"elementor-column elementor-col-50 elementor-inner-column elementor-element elementor-element-455e3cb\" data-id=\"455e3cb\" data-element_type=\"column\">\n\t\t\t<div class=\"elementor-widget-wrap elementor-element-populated\">\n\t\t\t\t\t\t<div class=\"elementor-element elementor-element-e199110 elementor-position-left elementor-vertical-align-top elementor-widget elementor-widget-image-box\" data-id=\"e199110\" data-element_type=\"widget\" data-widget_type=\"image-box.default\">\n\t\t\t\t<div class=\"elementor-widget-container\">\n\t\t\t\t\t<div class=\"elementor-image-box-wrapper\"><figure class=\"elementor-image-box-img\"><img loading=\"lazy\" decoding=\"async\" width=\"75\" height=\"75\" src=\"https:\/\/www.marinmaskin.com\/wp-content\/uploads\/2020\/02\/david.png\" class=\"elementor-animation-grow attachment-full size-full wp-image-106\" alt=\"\" \/><\/figure><div class=\"elementor-image-box-content\"><h3 class=\"elementor-image-box-title\">David Lodhi<\/h3><p class=\"elementor-image-box-description\">Sj\u00f6ingenj\u00f6r\n<br>Support &amp; Installationsansvarig<\/p><\/div><\/div>\t\t\t\t<\/div>\n\t\t\t\t<\/div>\n\t\t\t\t<div class=\"elementor-element elementor-element-c3f2c9b elementor-position-left elementor-vertical-align-top elementor-widget elementor-widget-image-box\" data-id=\"c3f2c9b\" data-element_type=\"widget\" data-widget_type=\"image-box.default\">\n\t\t\t\t<div class=\"elementor-widget-container\">\n\t\t\t\t\t<div class=\"elementor-image-box-wrapper\"><figure class=\"elementor-image-box-img\"><img loading=\"lazy\" decoding=\"async\" width=\"75\" height=\"75\" src=\"https:\/\/www.marinmaskin.com\/wp-content\/uploads\/2020\/02\/john.png\" class=\"elementor-animation-grow attachment-full size-full wp-image-110\" alt=\"\" \/><\/figure><div class=\"elementor-image-box-content\"><h3 class=\"elementor-image-box-title\">Johan Kraft<\/h3><p class=\"elementor-image-box-description\">Tekniker\n<br>Utveckling, Produktion<\/p><\/div><\/div>\t\t\t\t<\/div>\n\t\t\t\t<\/div>\n\t\t\t\t<div class=\"elementor-element elementor-element-9bcf7b3 elementor-position-left elementor-vertical-align-top elementor-widget elementor-widget-image-box\" data-id=\"9bcf7b3\" data-element_type=\"widget\" data-widget_type=\"image-box.default\">\n\t\t\t\t<div class=\"elementor-widget-container\">\n\t\t\t\t\t<div class=\"elementor-image-box-wrapper\"><figure class=\"elementor-image-box-img\"><img loading=\"lazy\" decoding=\"async\" width=\"75\" height=\"75\" src=\"https:\/\/www.marinmaskin.com\/wp-content\/uploads\/2020\/02\/priscillatipping.png\" class=\"elementor-animation-grow attachment-full size-full wp-image-109\" alt=\"\" \/><\/figure><div class=\"elementor-image-box-content\"><h3 class=\"elementor-image-box-title\">Priscila Tipping<\/h3><p class=\"elementor-image-box-description\">Masterexamen inom Marknadsf\u00f6ring &amp; Kommunikation\n<br>IT och Marknad<\/p><\/div><\/div>\t\t\t\t<\/div>\n\t\t\t\t<\/div>\n\t\t\t\t<div class=\"elementor-element elementor-element-3b2c76e elementor-position-left elementor-vertical-align-top elementor-widget elementor-widget-image-box\" data-id=\"3b2c76e\" data-element_type=\"widget\" data-widget_type=\"image-box.default\">\n\t\t\t\t<div class=\"elementor-widget-container\">\n\t\t\t\t\t<div class=\"elementor-image-box-wrapper\"><figure class=\"elementor-image-box-img\"><img loading=\"lazy\" decoding=\"async\" width=\"75\" height=\"75\" src=\"https:\/\/www.marinmaskin.com\/wp-content\/uploads\/2020\/02\/nicole-site.png\" class=\"elementor-animation-grow attachment-full size-full wp-image-107\" alt=\"\" \/><\/figure><div class=\"elementor-image-box-content\"><h3 class=\"elementor-image-box-title\">Nicole Avelin<\/h3><p class=\"elementor-image-box-description\">Kandidatexamen inom Marknad &amp; Kommunikation\n<br>IT Support och Administration<\/p><\/div><\/div>\t\t\t\t<\/div>\n\t\t\t\t<\/div>\n\t\t\t\t<div class=\"elementor-element elementor-element-121792b elementor-position-left elementor-vertical-align-top elementor-widget elementor-widget-image-box\" data-id=\"121792b\" data-element_type=\"widget\" data-widget_type=\"image-box.default\">\n\t\t\t\t<div class=\"elementor-widget-container\">\n\t\t\t\t\t<div class=\"elementor-image-box-wrapper\"><figure class=\"elementor-image-box-img\"><img loading=\"lazy\" decoding=\"async\" width=\"75\" height=\"74\" src=\"https:\/\/www.marinmaskin.com\/wp-content\/uploads\/2020\/02\/niklas-avelin.png\" class=\"elementor-animation-grow attachment-full size-full wp-image-108\" alt=\"\" \/><\/figure><div class=\"elementor-image-box-content\"><h3 class=\"elementor-image-box-title\">Niklas Avelin<\/h3><p class=\"elementor-image-box-description\">Sj\u00f6ingenj\u00f6r\n<br>Marknad &amp; F\u00f6rs\u00e4ljning<\/p><\/div><\/div>\t\t\t\t<\/div>\n\t\t\t\t<\/div>\n\t\t\t\t\t<\/div>\n\t\t<\/div>\n\t\t\t\t<div class=\"elementor-column elementor-col-50 elementor-inner-column elementor-element elementor-element-7f5fb22\" data-id=\"7f5fb22\" data-element_type=\"column\" data-settings=\"{&quot;background_background&quot;:&quot;classic&quot;}\">\n\t\t\t<div class=\"elementor-widget-wrap elementor-element-populated\">\n\t\t\t\t\t\t<div class=\"elementor-element elementor-element-187c3cd elementor-widget elementor-widget-heading\" data-id=\"187c3cd\" data-element_type=\"widget\" data-widget_type=\"heading.default\">\n\t\t\t\t<div class=\"elementor-widget-container\">\n\t\t\t\t\t<p class=\"elementor-heading-title elementor-size-default\"><img decoding=\"async\" src=\"https:\/\/www.marinmaskin.com\/wp-content\/uploads\/2020\/02\/Chevron_Right_Icon_5.png\" class=\"elementor-animation-\" style=\"margin-right:20px\"> Vad vi vill<\/p>\t\t\t\t<\/div>\n\t\t\t\t<\/div>\n\t\t\t\t<div class=\"elementor-element elementor-element-a2d8a29 elementor-widget elementor-widget-text-editor\" data-id=\"a2d8a29\" data-element_type=\"widget\" data-widget_type=\"text-editor.default\">\n\t\t\t\t<div class=\"elementor-widget-container\">\n\t\t\t\t\t\t\t\t\t<p>Vara v\u00e5ra kunders sj\u00e4lvklara val.<\/p>\t\t\t\t\t\t\t\t<\/div>\n\t\t\t\t<\/div>\n\t\t\t\t<div class=\"elementor-element elementor-element-4f3be91 elementor-widget elementor-widget-heading\" data-id=\"4f3be91\" data-element_type=\"widget\" data-widget_type=\"heading.default\">\n\t\t\t\t<div class=\"elementor-widget-container\">\n\t\t\t\t\t<p class=\"elementor-heading-title elementor-size-default\"><img decoding=\"async\" src=\"https:\/\/www.marinmaskin.com\/wp-content\/uploads\/2020\/02\/Chevron_Right_Icon_5.png\" class=\"elementor-animation-\" style=\"margin-right:20px\"> V\u00e5r vision<\/p>\t\t\t\t<\/div>\n\t\t\t\t<\/div>\n\t\t\t\t<div class=\"elementor-element elementor-element-6d7848d elementor-widget elementor-widget-text-editor\" data-id=\"6d7848d\" data-element_type=\"widget\" data-widget_type=\"text-editor.default\">\n\t\t\t\t<div class=\"elementor-widget-container\">\n\t\t\t\t\t\t\t\t\t<p>Att tillhandah\u00e5lla b\u00e4sta service i alla h\u00e4nseenden f\u00f6r att m\u00f6ta v\u00e5ra kunders behov.<\/p>\t\t\t\t\t\t\t\t<\/div>\n\t\t\t\t<\/div>\n\t\t\t\t<div class=\"elementor-element elementor-element-a20fe54 elementor-widget elementor-widget-heading\" data-id=\"a20fe54\" data-element_type=\"widget\" data-widget_type=\"heading.default\">\n\t\t\t\t<div class=\"elementor-widget-container\">\n\t\t\t\t\t<p class=\"elementor-heading-title elementor-size-default\"><img decoding=\"async\" src=\"https:\/\/www.marinmaskin.com\/wp-content\/uploads\/2020\/02\/Chevron_Right_Icon_5.png\" class=\"elementor-animation-\" style=\"margin-right:20px\">V\u00e5ra v\u00e4rderingar<\/p>\t\t\t\t<\/div>\n\t\t\t\t<\/div>\n\t\t\t\t<div class=\"elementor-element elementor-element-2e6e55c elementor-widget elementor-widget-text-editor\" data-id=\"2e6e55c\" data-element_type=\"widget\" data-widget_type=\"text-editor.default\">\n\t\t\t\t<div class=\"elementor-widget-container\">\n\t\t\t\t\t\t\t\t\t<p>Vi agerar ansvarsfullt i enlighet med fundamentala m\u00e4nskliga r\u00e4ttigheter, bra arbetsf\u00f6rh\u00e5llanden, milj\u00f6 h\u00e4nseenden och vad g\u00e4ller anti-korruption. Vi f\u00f6ljer de tio budorden som stipuleras av F\u00f6renta Nationerna-UNGC och vi har en CSR-Policy.<\/p>\t\t\t\t\t\t\t\t<\/div>\n\t\t\t\t<\/div>\n\t\t\t\t\t<\/div>\n\t\t<\/div>\n\t\t\t\t\t<\/div>\n\t\t<\/section>\n\t\t\t\t\t<\/div>\n\t\t<\/div>\n\t\t\t\t\t<\/div>\n\t\t<\/section>\n\t\t\t\t<\/div>","protected":false},"excerpt":{"rendered":"<p>Get to know more about us 1982 Marin &amp; Maskin was founded 1982 by Tommie Avelin. From the beginning was the main focus harbor assistans with Tugboats. 1990 After some years the scoop of service included transportation of passengers in the archipelago of Stockholm with at the most 5 passenger vessels in service.\u00a0 1993 In [&hellip;]<\/p>\n","protected":false},"author":1,"featured_media":0,"parent":0,"menu_order":0,"comment_status":"closed","ping_status":"closed","template":"elementor_header_footer","meta":{"footnotes":""},"_links":{"self":[{"href":"https:\/\/www.marinmaskin.com\/se\/wp-json\/wp\/v2\/pages\/34"}],"collection":[{"href":"https:\/\/www.marinmaskin.com\/se\/wp-json\/wp\/v2\/pages"}],"about":[{"href":"https:\/\/www.marinmaskin.com\/se\/wp-json\/wp\/v2\/types\/page"}],"author":[{"embeddable":true,"href":"https:\/\/www.marinmaskin.com\/se\/wp-json\/wp\/v2\/users\/1"}],"replies":[{"embeddable":true,"href":"https:\/\/www.marinmaskin.com\/se\/wp-json\/wp\/v2\/comments?post=34"}],"version-history":[{"count":12,"href":"https:\/\/www.marinmaskin.com\/se\/wp-json\/wp\/v2\/pages\/34\/revisions"}],"predecessor-version":[{"id":403,"href":"https:\/\/www.marinmaskin.com\/se\/wp-json\/wp\/v2\/pages\/34\/revisions\/403"}],"wp:attachment":[{"href":"https:\/\/www.marinmaskin.com\/se\/wp-json\/wp\/v2\/media?parent=34"}],"curies":[{"name":"wp","href":"https:\/\/api.w.org\/{rel}","templated":true}]}}