{"id":30,"date":"2020-02-19T23:11:30","date_gmt":"2020-02-20T02:11:30","guid":{"rendered":"https:\/\/www.marinmaskin.com\/?page_id=30"},"modified":"2020-03-21T17:13:22","modified_gmt":"2020-03-21T20:13:22","slug":"contact","status":"publish","type":"page","link":"https:\/\/www.marinmaskin.com\/se\/contact\/","title":{"rendered":"Kontakt"},"content":{"rendered":"<div data-elementor-type=\"wp-page\" data-elementor-id=\"30\" class=\"elementor elementor-30\">\n\t\t\t\t\t\t<section class=\"elementor-section elementor-top-section elementor-element elementor-element-1c46c24 elementor-section-content-middle elementor-section-boxed elementor-section-height-default elementor-section-height-default\" data-id=\"1c46c24\" data-element_type=\"section\" data-settings=\"{&quot;background_background&quot;:&quot;classic&quot;}\">\n\t\t\t\t\t\t\t<div class=\"elementor-background-overlay\"><\/div>\n\t\t\t\t\t\t\t<div class=\"elementor-container elementor-column-gap-no\">\n\t\t\t\t\t<div class=\"elementor-column elementor-col-33 elementor-top-column elementor-element elementor-element-53d7e9e elementor-hidden-tablet elementor-hidden-phone\" data-id=\"53d7e9e\" data-element_type=\"column\">\n\t\t\t<div class=\"elementor-widget-wrap elementor-element-populated\">\n\t\t\t\t\t\t<div class=\"elementor-element elementor-element-b00c55f elementor-widget elementor-widget-image\" data-id=\"b00c55f\" data-element_type=\"widget\" data-widget_type=\"image.default\">\n\t\t\t\t<div class=\"elementor-widget-container\">\n\t\t\t\t\t\t\t\t\t\t\t\t\t\t\t<img fetchpriority=\"high\" decoding=\"async\" width=\"467\" height=\"650\" src=\"https:\/\/www.marinmaskin.com\/wp-content\/uploads\/2020\/02\/corda-467-650-cortereto.png\" class=\"attachment-full size-full wp-image-17\" alt=\"\" srcset=\"https:\/\/www.marinmaskin.com\/wp-content\/uploads\/2020\/02\/corda-467-650-cortereto.png 467w, https:\/\/www.marinmaskin.com\/wp-content\/uploads\/2020\/02\/corda-467-650-cortereto-216x300.png 216w\" sizes=\"(max-width: 467px) 100vw, 467px\" \/>\t\t\t\t\t\t\t\t\t\t\t\t\t\t\t<\/div>\n\t\t\t\t<\/div>\n\t\t\t\t\t<\/div>\n\t\t<\/div>\n\t\t\t\t<div class=\"elementor-column elementor-col-66 elementor-top-column elementor-element elementor-element-dcc5c47\" data-id=\"dcc5c47\" data-element_type=\"column\">\n\t\t\t<div class=\"elementor-widget-wrap elementor-element-populated\">\n\t\t\t\t\t\t<div class=\"elementor-element elementor-element-8ced3bc elementor-widget elementor-widget-heading\" data-id=\"8ced3bc\" data-element_type=\"widget\" data-widget_type=\"heading.default\">\n\t\t\t\t<div class=\"elementor-widget-container\">\n\t\t\t\t\t<h2 class=\"elementor-heading-title elementor-size-default\">Beg\u00e4r en offert<\/h2>\t\t\t\t<\/div>\n\t\t\t\t<\/div>\n\t\t\t\t<div class=\"elementor-element elementor-element-d0db070 elementor-widget elementor-widget-text-editor\" data-id=\"d0db070\" data-element_type=\"widget\" data-widget_type=\"text-editor.default\">\n\t\t\t\t<div class=\"elementor-widget-container\">\n\t\t\t\t\t\t\t\t\t<p>Om ni letar efter en erfaren samarbetspartner med erfarenhet inom marin och industri verksamhet s\u00e5 \u00e4r ni v\u00e4lkomna att fylla i nedanst\u00e5ende formul\u00e4r s\u00e5 h\u00f6r vi av oss inom 48 timmar. Om ni hellre vill ringa s\u00e5 g\u00e5r det bra p\u00e5 0156-20200.<\/p>\t\t\t\t\t\t\t\t<\/div>\n\t\t\t\t<\/div>\n\t\t\t\t\t<\/div>\n\t\t<\/div>\n\t\t\t\t\t<\/div>\n\t\t<\/section>\n\t\t\t\t<\/div>","protected":false},"excerpt":{"rendered":"<p>Request \ufeffyour personalized quote If you are looking for a team with know-how and experience in nautical industrial equipment, fill out the form below, and get in touch via email. Or if you prefer, call us.<\/p>","protected":false},"author":1,"featured_media":0,"parent":0,"menu_order":0,"comment_status":"closed","ping_status":"closed","template":"elementor_header_footer","meta":{"footnotes":""},"_links":{"self":[{"href":"https:\/\/www.marinmaskin.com\/se\/wp-json\/wp\/v2\/pages\/30"}],"collection":[{"href":"https:\/\/www.marinmaskin.com\/se\/wp-json\/wp\/v2\/pages"}],"about":[{"href":"https:\/\/www.marinmaskin.com\/se\/wp-json\/wp\/v2\/types\/page"}],"author":[{"embeddable":true,"href":"https:\/\/www.marinmaskin.com\/se\/wp-json\/wp\/v2\/users\/1"}],"replies":[{"embeddable":true,"href":"https:\/\/www.marinmaskin.com\/se\/wp-json\/wp\/v2\/comments?post=30"}],"version-history":[{"count":7,"href":"https:\/\/www.marinmaskin.com\/se\/wp-json\/wp\/v2\/pages\/30\/revisions"}],"predecessor-version":[{"id":404,"href":"https:\/\/www.marinmaskin.com\/se\/wp-json\/wp\/v2\/pages\/30\/revisions\/404"}],"wp:attachment":[{"href":"https:\/\/www.marinmaskin.com\/se\/wp-json\/wp\/v2\/media?parent=30"}],"curies":[{"name":"wp","href":"https:\/\/api.w.org\/{rel}","templated":true}]}}