{"id":24,"date":"2020-02-19T23:10:49","date_gmt":"2020-02-20T02:10:49","guid":{"rendered":"https:\/\/www.marinmaskin.com\/?page_id=24"},"modified":"2020-03-03T22:23:36","modified_gmt":"2020-03-04T01:23:36","slug":"home","status":"publish","type":"page","link":"https:\/\/www.marinmaskin.com\/se\/","title":{"rendered":"Marin Maskin"},"content":{"rendered":"<div data-elementor-type=\"wp-page\" data-elementor-id=\"24\" class=\"elementor elementor-24\">\n\t\t\t\t\t\t<section class=\"elementor-section elementor-top-section elementor-element elementor-element-09b2bfd elementor-section-content-middle elementor-section-boxed elementor-section-height-default elementor-section-height-default\" data-id=\"09b2bfd\" data-element_type=\"section\" data-settings=\"{&quot;background_background&quot;:&quot;classic&quot;}\">\n\t\t\t\t\t\t\t<div class=\"elementor-background-overlay\"><\/div>\n\t\t\t\t\t\t\t<div class=\"elementor-container elementor-column-gap-no\">\n\t\t\t\t\t<div class=\"elementor-column elementor-col-33 elementor-top-column elementor-element elementor-element-1a6ec7b elementor-hidden-tablet elementor-hidden-phone\" data-id=\"1a6ec7b\" data-element_type=\"column\">\n\t\t\t<div class=\"elementor-widget-wrap elementor-element-populated\">\n\t\t\t\t\t\t<div class=\"elementor-element elementor-element-aa5fbb7 elementor-widget elementor-widget-image\" data-id=\"aa5fbb7\" data-element_type=\"widget\" data-widget_type=\"image.default\">\n\t\t\t\t<div class=\"elementor-widget-container\">\n\t\t\t\t\t\t\t\t\t\t\t\t\t\t\t<img fetchpriority=\"high\" decoding=\"async\" width=\"467\" height=\"650\" src=\"https:\/\/www.marinmaskin.com\/wp-content\/uploads\/2020\/02\/corda-467-650-cortereto.png\" class=\"attachment-full size-full wp-image-17\" alt=\"\" srcset=\"https:\/\/www.marinmaskin.com\/wp-content\/uploads\/2020\/02\/corda-467-650-cortereto.png 467w, https:\/\/www.marinmaskin.com\/wp-content\/uploads\/2020\/02\/corda-467-650-cortereto-216x300.png 216w\" sizes=\"(max-width: 467px) 100vw, 467px\" \/>\t\t\t\t\t\t\t\t\t\t\t\t\t\t\t<\/div>\n\t\t\t\t<\/div>\n\t\t\t\t\t<\/div>\n\t\t<\/div>\n\t\t\t\t<div class=\"elementor-column elementor-col-66 elementor-top-column elementor-element elementor-element-5475cbc\" data-id=\"5475cbc\" data-element_type=\"column\">\n\t\t\t<div class=\"elementor-widget-wrap elementor-element-populated\">\n\t\t\t\t\t\t<div class=\"elementor-element elementor-element-0b61fde elementor-widget elementor-widget-heading\" data-id=\"0b61fde\" data-element_type=\"widget\" data-widget_type=\"heading.default\">\n\t\t\t\t<div class=\"elementor-widget-container\">\n\t\t\t\t\t<h2 class=\"elementor-heading-title elementor-size-default\">Vi l\u00f6ser era problem oavsett storlek.<br>\nof your problem,<br>\n\ufeffwe solve it.<\/h2>\t\t\t\t<\/div>\n\t\t\t\t<\/div>\n\t\t\t\t<div class=\"elementor-element elementor-element-beaf11c elementor-widget elementor-widget-text-editor\" data-id=\"beaf11c\" data-element_type=\"widget\" data-widget_type=\"text-editor.default\">\n\t\t\t\t<div class=\"elementor-widget-container\">\n\t\t\t\t\t\t\t\t\t<p>Vi levererar produkter samt reservdelar till marin och industriell verksamhet. Huvudsakligen maskin och motordelar, filter och filterl\u00f6sningar, kontroll och \u00f6vervakningssystem. Vi har en gedigen erfarenhet av tekniska l\u00f6sningar tack vare n\u00e4ra 40 \u00e5r i branschen.<\/p>\t\t\t\t\t\t\t\t<\/div>\n\t\t\t\t<\/div>\n\t\t\t\t<div class=\"elementor-element elementor-element-e70696a elementor-mobile-align-center elementor-widget elementor-widget-button\" data-id=\"e70696a\" data-element_type=\"widget\" data-widget_type=\"button.default\">\n\t\t\t\t<div class=\"elementor-widget-container\">\n\t\t\t\t\t\t\t\t\t<div class=\"elementor-button-wrapper\">\n\t\t\t\t\t<a class=\"elementor-button elementor-button-link elementor-size-lg\" href=\"https:\/\/www.marinmaskin.com\/se\/contact\/\">\n\t\t\t\t\t\t<span class=\"elementor-button-content-wrapper\">\n\t\t\t\t\t\t\t\t\t<span class=\"elementor-button-text\">Tala med en specialist<\/span>\n\t\t\t\t\t<\/span>\n\t\t\t\t\t<\/a>\n\t\t\t\t<\/div>\n\t\t\t\t\t\t\t\t<\/div>\n\t\t\t\t<\/div>\n\t\t\t\t\t<\/div>\n\t\t<\/div>\n\t\t\t\t\t<\/div>\n\t\t<\/section>\n\t\t\t\t<section class=\"elementor-section elementor-top-section elementor-element elementor-element-03f8ca5 elementor-section-boxed elementor-section-height-default elementor-section-height-default\" data-id=\"03f8ca5\" data-element_type=\"section\" id=\"marine\" data-settings=\"{&quot;background_background&quot;:&quot;classic&quot;}\">\n\t\t\t\t\t\t<div class=\"elementor-container elementor-column-gap-default\">\n\t\t\t\t\t<div class=\"elementor-column elementor-col-100 elementor-top-column elementor-element elementor-element-a8673c1\" data-id=\"a8673c1\" data-element_type=\"column\">\n\t\t\t<div class=\"elementor-widget-wrap elementor-element-populated\">\n\t\t\t\t\t\t<div class=\"elementor-element elementor-element-cc7f3ac elementor-widget elementor-widget-heading\" data-id=\"cc7f3ac\" data-element_type=\"widget\" data-widget_type=\"heading.default\">\n\t\t\t\t<div class=\"elementor-widget-container\">\n\t\t\t\t\t<h2 class=\"elementor-heading-title elementor-size-default\"><strong>Marine &amp; Industrial<\/strong> utrustning<\/h2>\t\t\t\t<\/div>\n\t\t\t\t<\/div>\n\t\t\t\t<div class=\"elementor-element elementor-element-afda119 elementor-widget elementor-widget-text-editor\" data-id=\"afda119\" data-element_type=\"widget\" data-widget_type=\"text-editor.default\">\n\t\t\t\t<div class=\"elementor-widget-container\">\n\t\t\t\t\t\t\t\t\t<p>Vi representerar tillverkare av h\u00f6gklassig marin och industriell utrustning. Vi har \u00e4ven stor erfarenhet av projekt och installationer och vi kundanpassar ofta system f\u00f6r att kunna erbjuda h\u00e5llbara, kostnadseffektiva tekniska l\u00f6sningar. Ett n\u00e4ra samarbete med v\u00e5ra kunder och leverant\u00f6rer \u00e4r nyckeln f\u00f6r att uppn\u00e5 b\u00e4sta resultat. Vi finns h\u00e4r f\u00f6r att hj\u00e4lpa er.<\/p>\t\t\t\t\t\t\t\t<\/div>\n\t\t\t\t<\/div>\n\t\t\t\t<section class=\"elementor-section elementor-inner-section elementor-element elementor-element-02270cc elementor-section-boxed elementor-section-height-default elementor-section-height-default\" data-id=\"02270cc\" data-element_type=\"section\">\n\t\t\t\t\t\t<div class=\"elementor-container elementor-column-gap-default\">\n\t\t\t\t\t<div class=\"elementor-column elementor-col-100 elementor-inner-column elementor-element elementor-element-6faf338\" data-id=\"6faf338\" data-element_type=\"column\">\n\t\t\t<div class=\"elementor-widget-wrap elementor-element-populated\">\n\t\t\t\t\t\t<div class=\"elementor-element elementor-element-8796b8b elementor-widget__width-auto elementor-widget elementor-widget-button\" data-id=\"8796b8b\" data-element_type=\"widget\" data-widget_type=\"button.default\">\n\t\t\t\t<div class=\"elementor-widget-container\">\n\t\t\t\t\t\t\t\t\t<div class=\"elementor-button-wrapper\">\n\t\t\t\t\t<a class=\"elementor-button elementor-button-link elementor-size-sm\" href=\"\/se\/home\/#buyer\">\n\t\t\t\t\t\t<span class=\"elementor-button-content-wrapper\">\n\t\t\t\t\t\t\t\t\t<span class=\"elementor-button-text\">F\u00f6r k\u00f6pare<\/span>\n\t\t\t\t\t<\/span>\n\t\t\t\t\t<\/a>\n\t\t\t\t<\/div>\n\t\t\t\t\t\t\t\t<\/div>\n\t\t\t\t<\/div>\n\t\t\t\t<div class=\"elementor-element elementor-element-549ab9f elementor-widget__width-auto elementor-widget elementor-widget-button\" data-id=\"549ab9f\" data-element_type=\"widget\" data-widget_type=\"button.default\">\n\t\t\t\t<div class=\"elementor-widget-container\">\n\t\t\t\t\t\t\t\t\t<div class=\"elementor-button-wrapper\">\n\t\t\t\t\t<a class=\"elementor-button elementor-button-link elementor-size-sm\" href=\"\/se\/home\/#marine\">\n\t\t\t\t\t\t<span class=\"elementor-button-content-wrapper\">\n\t\t\t\t\t\t\t\t\t<span class=\"elementor-button-text\"> Marin &amp; Industri <br> utrustning <\/span>\n\t\t\t\t\t<\/span>\n\t\t\t\t\t<\/a>\n\t\t\t\t<\/div>\n\t\t\t\t\t\t\t\t<\/div>\n\t\t\t\t<\/div>\n\t\t\t\t<div class=\"elementor-element elementor-element-37c7268 elementor-widget__width-auto elementor-widget elementor-widget-button\" data-id=\"37c7268\" data-element_type=\"widget\" data-widget_type=\"button.default\">\n\t\t\t\t<div class=\"elementor-widget-container\">\n\t\t\t\t\t\t\t\t\t<div class=\"elementor-button-wrapper\">\n\t\t\t\t\t<a class=\"elementor-button elementor-button-link elementor-size-sm\" href=\"\/se\/home\/#supplier\">\n\t\t\t\t\t\t<span class=\"elementor-button-content-wrapper\">\n\t\t\t\t\t\t\t\t\t<span class=\"elementor-button-text\">F\u00f6r leverant\u00f6rer<\/span>\n\t\t\t\t\t<\/span>\n\t\t\t\t\t<\/a>\n\t\t\t\t<\/div>\n\t\t\t\t\t\t\t\t<\/div>\n\t\t\t\t<\/div>\n\t\t\t\t\t<\/div>\n\t\t<\/div>\n\t\t\t\t\t<\/div>\n\t\t<\/section>\n\t\t\t\t<section class=\"elementor-section elementor-inner-section elementor-element elementor-element-9e0b293 elementor-section-boxed elementor-section-height-default elementor-section-height-default\" data-id=\"9e0b293\" data-element_type=\"section\">\n\t\t\t\t\t\t<div class=\"elementor-container elementor-column-gap-default\">\n\t\t\t\t\t<div class=\"elementor-column elementor-col-33 elementor-inner-column elementor-element elementor-element-0057183\" data-id=\"0057183\" data-element_type=\"column\">\n\t\t\t<div class=\"elementor-widget-wrap elementor-element-populated\">\n\t\t\t\t\t\t<div class=\"elementor-element elementor-element-8c4ccb7 elementor-position-top elementor-widget elementor-widget-image-box\" data-id=\"8c4ccb7\" data-element_type=\"widget\" data-widget_type=\"image-box.default\">\n\t\t\t\t<div class=\"elementor-widget-container\">\n\t\t\t\t\t<div class=\"elementor-image-box-wrapper\"><figure class=\"elementor-image-box-img\"><img decoding=\"async\" width=\"41\" height=\"31\" src=\"https:\/\/www.marinmaskin.com\/wp-content\/uploads\/2020\/02\/Radio_3.png\" class=\"attachment-full size-full wp-image-66\" alt=\"\" \/><\/figure><div class=\"elementor-image-box-content\"><h3 class=\"elementor-image-box-title\">\u00d6vervakning &amp; styrsystem<\/h3><p class=\"elementor-image-box-description\">Vi lagerh\u00e5ller och kan ers\u00e4tta de mest f\u00f6rekommande givare och m\u00e4tare som f\u00f6rekommer p\u00e5 den Svenska marknaden. Vi har \u00f6vervakningssystem f\u00f6r OEM samt eftermarknad och s\u00f6ker \u00e5terf\u00f6rs\u00e4ljare i Sverige f\u00f6r ett komplett sortiment av givare och m\u00e4tare.\n\n<\/p><\/div><\/div>\t\t\t\t<\/div>\n\t\t\t\t<\/div>\n\t\t\t\t\t<\/div>\n\t\t<\/div>\n\t\t\t\t<div class=\"elementor-column elementor-col-33 elementor-inner-column elementor-element elementor-element-dc8c4be\" data-id=\"dc8c4be\" data-element_type=\"column\">\n\t\t\t<div class=\"elementor-widget-wrap elementor-element-populated\">\n\t\t\t\t\t\t<div class=\"elementor-element elementor-element-a8ef952 elementor-position-top elementor-widget elementor-widget-image-box\" data-id=\"a8ef952\" data-element_type=\"widget\" data-widget_type=\"image-box.default\">\n\t\t\t\t<div class=\"elementor-widget-container\">\n\t\t\t\t\t<div class=\"elementor-image-box-wrapper\"><figure class=\"elementor-image-box-img\"><img decoding=\"async\" width=\"41\" height=\"44\" src=\"https:\/\/www.marinmaskin.com\/wp-content\/uploads\/2020\/02\/Podcast_3.png\" class=\"attachment-full size-full wp-image-65\" alt=\"\" \/><\/figure><div class=\"elementor-image-box-content\"><h3 class=\"elementor-image-box-title\">MARIN UTRUSTNING<\/h3><p class=\"elementor-image-box-description translation-block\">Vi levererar ny eller begagnad, \u00f6verhalad och testad marin utrustning. Fr\u00e4mst till fartyg och dieselmotorer. Vi har en egen verkstad med l\u00e4mplig maskinpark f\u00f6r verksamheten som tex renovering av topplock, spridare, axlar mm.\nEx p\u00e5 nytt: Bogpropeller, ankarspel, varmvattenberedare, batteriladdare, cylinderfoder, f\u00f6rbrukningsartiklar  mm. Ex p\u00e5 begagnat: topplock, cylinderfoder, spridare, marin och industrimotorer mm<\/p><\/div><\/div>\t\t\t\t<\/div>\n\t\t\t\t<\/div>\n\t\t\t\t\t<\/div>\n\t\t<\/div>\n\t\t\t\t<div class=\"elementor-column elementor-col-33 elementor-inner-column elementor-element elementor-element-860429f\" data-id=\"860429f\" data-element_type=\"column\">\n\t\t\t<div class=\"elementor-widget-wrap elementor-element-populated\">\n\t\t\t\t\t\t<div class=\"elementor-element elementor-element-6745ae6 elementor-position-top elementor-widget elementor-widget-image-box\" data-id=\"6745ae6\" data-element_type=\"widget\" data-widget_type=\"image-box.default\">\n\t\t\t\t<div class=\"elementor-widget-container\">\n\t\t\t\t\t<div class=\"elementor-image-box-wrapper\"><figure class=\"elementor-image-box-img\"><img loading=\"lazy\" decoding=\"async\" width=\"40\" height=\"40\" src=\"https:\/\/www.marinmaskin.com\/wp-content\/uploads\/2020\/02\/History_3.png\" class=\"attachment-full size-full wp-image-64\" alt=\"\" \/><\/figure><div class=\"elementor-image-box-content\"><h3 class=\"elementor-image-box-title\">GENERATOR AGGREGAT<\/h3><p class=\"elementor-image-box-description\">Vi kan leverera standard generator aggregat eller kundanpassade i detalj. Ring eller maila f\u00f6r en vidare diskussion. Vi har levererat aggregat fr\u00e5n n\u00e5gra kilowatt till flera megawatt och f\u00f6rst\u00e5r vikten av att leverera r\u00e4tt l\u00f6sning till ert behov<\/p><\/div><\/div>\t\t\t\t<\/div>\n\t\t\t\t<\/div>\n\t\t\t\t\t<\/div>\n\t\t<\/div>\n\t\t\t\t\t<\/div>\n\t\t<\/section>\n\t\t\t\t<section class=\"elementor-section elementor-inner-section elementor-element elementor-element-8346f96 elementor-section-boxed elementor-section-height-default elementor-section-height-default\" data-id=\"8346f96\" data-element_type=\"section\">\n\t\t\t\t\t\t<div class=\"elementor-container elementor-column-gap-default\">\n\t\t\t\t\t<div class=\"elementor-column elementor-col-33 elementor-inner-column elementor-element elementor-element-2b085b6\" data-id=\"2b085b6\" data-element_type=\"column\">\n\t\t\t<div class=\"elementor-widget-wrap elementor-element-populated\">\n\t\t\t\t\t\t<div class=\"elementor-element elementor-element-f2fdd4b elementor-position-top elementor-widget elementor-widget-image-box\" data-id=\"f2fdd4b\" data-element_type=\"widget\" data-widget_type=\"image-box.default\">\n\t\t\t\t<div class=\"elementor-widget-container\">\n\t\t\t\t\t<div class=\"elementor-image-box-wrapper\"><figure class=\"elementor-image-box-img\"><img loading=\"lazy\" decoding=\"async\" width=\"39\" height=\"41\" src=\"https:\/\/www.marinmaskin.com\/wp-content\/uploads\/2020\/02\/Layers_Icon_1.png\" class=\"attachment-full size-full wp-image-63\" alt=\"\" \/><\/figure><div class=\"elementor-image-box-content\"><h3 class=\"elementor-image-box-title\">ANODER<\/h3><p class=\"elementor-image-box-description\">Vi lagerf\u00f6r ett stort antal av anoder i zink, magnesium och aluminium. \u00c4ven axelanoder samt f\u00f6r motorers kylsystem. Tillsammans med v\u00e5ra samarbetspartner kan vi erbjuda analys av ert korrosionsskydd f\u00f6r att erbjuda ett f\u00f6rslag p\u00e5 l\u00f6sning om det visar sig att ert skydd idag inte \u00e4r tillr\u00e4ckligt. Vi kan \u00e4ven offerera katod skydd med inducerad str\u00f6m i skrov eller annan konstruktion, en sk ICCP l\u00f6sning.<\/p><\/div><\/div>\t\t\t\t<\/div>\n\t\t\t\t<\/div>\n\t\t\t\t\t<\/div>\n\t\t<\/div>\n\t\t\t\t<div class=\"elementor-column elementor-col-33 elementor-inner-column elementor-element elementor-element-ddc5020\" data-id=\"ddc5020\" data-element_type=\"column\">\n\t\t\t<div class=\"elementor-widget-wrap elementor-element-populated\">\n\t\t\t\t\t\t<div class=\"elementor-element elementor-element-81b6675 elementor-position-top elementor-widget elementor-widget-image-box\" data-id=\"81b6675\" data-element_type=\"widget\" data-widget_type=\"image-box.default\">\n\t\t\t\t<div class=\"elementor-widget-container\">\n\t\t\t\t\t<div class=\"elementor-image-box-wrapper\"><figure class=\"elementor-image-box-img\"><img loading=\"lazy\" decoding=\"async\" width=\"34\" height=\"41\" src=\"https:\/\/www.marinmaskin.com\/wp-content\/uploads\/2020\/02\/Opacity_Icon_1.png\" class=\"attachment-full size-full wp-image-62\" alt=\"\" \/><\/figure><div class=\"elementor-image-box-content\"><h3 class=\"elementor-image-box-title\">RESERVDELAR OCH F\u00d6RBRUKNINGS ARTIKLAR<\/h3><p class=\"elementor-image-box-description\">Vi lagerh\u00e5ller nya och begagnade reservdelar till fartyg. Allt ifr\u00e5n motordelar till kompressorer och separatorer till rena maskindelar. Det vi inte lagerf\u00f6r kan vi ta hem p\u00e5 order. Vissa artiklar som tex filter och packningssatser  levereras kontinuerligt direkt fr\u00e5n v\u00e5ra leverant\u00f6rer till v\u00e5ra \u00e5terkommande kunder, det ger snabbare leveranser och mindre milj\u00f6p\u00e5verkan.<\/p><\/div><\/div>\t\t\t\t<\/div>\n\t\t\t\t<\/div>\n\t\t\t\t\t<\/div>\n\t\t<\/div>\n\t\t\t\t<div class=\"elementor-column elementor-col-33 elementor-inner-column elementor-element elementor-element-b5f013d\" data-id=\"b5f013d\" data-element_type=\"column\">\n\t\t\t<div class=\"elementor-widget-wrap elementor-element-populated\">\n\t\t\t\t\t\t<div class=\"elementor-element elementor-element-2915f23 elementor-position-top elementor-widget elementor-widget-image-box\" data-id=\"2915f23\" data-element_type=\"widget\" data-widget_type=\"image-box.default\">\n\t\t\t\t<div class=\"elementor-widget-container\">\n\t\t\t\t\t<div class=\"elementor-image-box-wrapper\"><figure class=\"elementor-image-box-img\"><img loading=\"lazy\" decoding=\"async\" width=\"33\" height=\"47\" src=\"https:\/\/www.marinmaskin.com\/wp-content\/uploads\/2020\/02\/Loop_Icon_1.png\" class=\"attachment-full size-full wp-image-67\" alt=\"\" \/><\/figure><div class=\"elementor-image-box-content\"><h3 class=\"elementor-image-box-title\">UTHYRNING<\/h3><p class=\"elementor-image-box-description\">Vi erbjuder generatoraggregat samt vattenpumpar f\u00f6r uthyrning, \u00e4ven hybridl\u00f6sningar inkluderande solpaneler.<\/p><\/div><\/div>\t\t\t\t<\/div>\n\t\t\t\t<\/div>\n\t\t\t\t\t<\/div>\n\t\t<\/div>\n\t\t\t\t\t<\/div>\n\t\t<\/section>\n\t\t\t\t\t<\/div>\n\t\t<\/div>\n\t\t\t\t\t<\/div>\n\t\t<\/section>\n\t\t\t\t<section class=\"elementor-section elementor-top-section elementor-element elementor-element-097cfb3 elementor-section-boxed elementor-section-height-default elementor-section-height-default\" data-id=\"097cfb3\" data-element_type=\"section\" data-settings=\"{&quot;background_background&quot;:&quot;classic&quot;}\">\n\t\t\t\t\t\t\t<div class=\"elementor-background-overlay\"><\/div>\n\t\t\t\t\t\t\t<div class=\"elementor-container elementor-column-gap-no\">\n\t\t\t\t\t<div class=\"elementor-column elementor-col-100 elementor-top-column elementor-element elementor-element-9fb44d0\" data-id=\"9fb44d0\" data-element_type=\"column\">\n\t\t\t<div class=\"elementor-widget-wrap elementor-element-populated\">\n\t\t\t\t\t\t<div class=\"elementor-element elementor-element-78e0617 elementor-widget elementor-widget-image\" data-id=\"78e0617\" data-element_type=\"widget\" data-widget_type=\"image.default\">\n\t\t\t\t<div class=\"elementor-widget-container\">\n\t\t\t\t\t\t\t\t\t\t\t\t\t\t\t<img loading=\"lazy\" decoding=\"async\" width=\"41\" height=\"41\" src=\"https:\/\/www.marinmaskin.com\/wp-content\/uploads\/2020\/02\/Gps_Fixed_Icon_1.png\" class=\"attachment-large size-large wp-image-126\" alt=\"\" \/>\t\t\t\t\t\t\t\t\t\t\t\t\t\t\t<\/div>\n\t\t\t\t<\/div>\n\t\t\t\t<div class=\"elementor-element elementor-element-f1e025b elementor-widget elementor-widget-heading\" data-id=\"f1e025b\" data-element_type=\"widget\" data-widget_type=\"heading.default\">\n\t\t\t\t<div class=\"elementor-widget-container\">\n\t\t\t\t\t<span class=\"elementor-heading-title elementor-size-default\">Letar ni efter en h\u00e4ngiven och l\u00f6sningsorienterad leverant\u00f6r?\n<\/span>\t\t\t\t<\/div>\n\t\t\t\t<\/div>\n\t\t\t\t<div class=\"elementor-element elementor-element-5700b27 elementor-widget elementor-widget-heading\" data-id=\"5700b27\" data-element_type=\"widget\" data-widget_type=\"heading.default\">\n\t\t\t\t<div class=\"elementor-widget-container\">\n\t\t\t\t\t<span class=\"elementor-heading-title elementor-size-default\">Ni har precis hittat en!\n\n<\/span>\t\t\t\t<\/div>\n\t\t\t\t<\/div>\n\t\t\t\t<div class=\"elementor-element elementor-element-26768ca elementor-widget elementor-widget-spacer\" data-id=\"26768ca\" data-element_type=\"widget\" data-widget_type=\"spacer.default\">\n\t\t\t\t<div class=\"elementor-widget-container\">\n\t\t\t\t\t\t\t<div class=\"elementor-spacer\">\n\t\t\t<div class=\"elementor-spacer-inner\"><\/div>\n\t\t<\/div>\n\t\t\t\t\t\t<\/div>\n\t\t\t\t<\/div>\n\t\t\t\t<section class=\"elementor-section elementor-inner-section elementor-element elementor-element-bc64cca elementor-section-boxed elementor-section-height-default elementor-section-height-default\" data-id=\"bc64cca\" data-element_type=\"section\">\n\t\t\t\t\t\t<div class=\"elementor-container elementor-column-gap-default\">\n\t\t\t\t\t<div class=\"elementor-column elementor-col-50 elementor-inner-column elementor-element elementor-element-e71cb4d\" data-id=\"e71cb4d\" data-element_type=\"column\" id=\"buyer\">\n\t\t\t<div class=\"elementor-widget-wrap elementor-element-populated\">\n\t\t\t\t\t\t<div class=\"elementor-element elementor-element-3b1458f elementor-widget elementor-widget-heading\" data-id=\"3b1458f\" data-element_type=\"widget\" data-widget_type=\"heading.default\">\n\t\t\t\t<div class=\"elementor-widget-container\">\n\t\t\t\t\t<h2 class=\"elementor-heading-title elementor-size-default\"><b>F\u00d6R <\/b>K\u00d6PARE<\/h2>\t\t\t\t<\/div>\n\t\t\t\t<\/div>\n\t\t\t\t<div class=\"elementor-element elementor-element-02ed813 elementor-widget elementor-widget-text-editor\" data-id=\"02ed813\" data-element_type=\"widget\" data-widget_type=\"text-editor.default\">\n\t\t\t\t<div class=\"elementor-widget-container\">\n\t\t\t\t\t\t\t\t\t<p>Vi har egen erfarenhet fr\u00e5n att ha arbetat m\u00e5nga \u00e5r till sj\u00f6ss i olika positioner, samt med reservkrafts installationer inom industri och IT sektorn. Vi vet vad det betyder att f\u00e5 fram r\u00e4tt del, med r\u00e4tt kvalitet i r\u00e4tt tid!<\/p><p>Till v\u00e5rt f\u00f6rfogande har vi under n\u00e4rmare 40 \u00e5r byggt upp ett stort n\u00e4tverk av kontakter p\u00e5 f\u00f6retag \u00f6ver hela v\u00e4rlden som \u00e4r lika h\u00e4ngivna som oss att hj\u00e4lpa oss att hj\u00e4lpa er.<\/p>\t\t\t\t\t\t\t\t<\/div>\n\t\t\t\t<\/div>\n\t\t\t\t<div class=\"elementor-element elementor-element-16f8575 elementor-mobile-align-center elementor-align-right elementor-widget elementor-widget-button\" data-id=\"16f8575\" data-element_type=\"widget\" data-widget_type=\"button.default\">\n\t\t\t\t<div class=\"elementor-widget-container\">\n\t\t\t\t\t\t\t\t\t<div class=\"elementor-button-wrapper\">\n\t\t\t\t\t<a class=\"elementor-button elementor-button-link elementor-size-lg\" href=\"https:\/\/www.marinmaskin.com\/se\/contact\/\">\n\t\t\t\t\t\t<span class=\"elementor-button-content-wrapper\">\n\t\t\t\t\t\t\t\t\t<span class=\"elementor-button-text\">Tala med en specialist av v\u00e5ra konsument produkter<\/span>\n\t\t\t\t\t<\/span>\n\t\t\t\t\t<\/a>\n\t\t\t\t<\/div>\n\t\t\t\t\t\t\t\t<\/div>\n\t\t\t\t<\/div>\n\t\t\t\t\t<\/div>\n\t\t<\/div>\n\t\t\t\t<div class=\"elementor-column elementor-col-50 elementor-inner-column elementor-element elementor-element-392b7a2\" data-id=\"392b7a2\" data-element_type=\"column\" id=\"supplier\">\n\t\t\t<div class=\"elementor-widget-wrap elementor-element-populated\">\n\t\t\t\t\t\t<div class=\"elementor-element elementor-element-44a7ac7 elementor-widget elementor-widget-heading\" data-id=\"44a7ac7\" data-element_type=\"widget\" data-widget_type=\"heading.default\">\n\t\t\t\t<div class=\"elementor-widget-container\">\n\t\t\t\t\t<h2 class=\"elementor-heading-title elementor-size-default\"><b>F\u00d6R <\/b>K\u00d6PARE<\/h2>\t\t\t\t<\/div>\n\t\t\t\t<\/div>\n\t\t\t\t<div class=\"elementor-element elementor-element-b8cad18 elementor-widget elementor-widget-text-editor\" data-id=\"b8cad18\" data-element_type=\"widget\" data-widget_type=\"text-editor.default\">\n\t\t\t\t<div class=\"elementor-widget-container\">\n\t\t\t\t\t\t\t\t\t<p>Vi \u00e4r \u00f6ppna f\u00f6r samarbeten med innovativa f\u00f6retag som delar v\u00e5r v\u00e4rdegrund och h\u00e4ngivenhet till h\u00e5llbart f\u00f6retagande.<\/p><p>Om ni \u00e4r intresserade av att samarbeta med oss f\u00f6r att skapa merv\u00e4rde f\u00f6r v\u00e5ra kunder, uppn\u00e5 v\u00e5ra h\u00e5llbarhetsm\u00e5l och skapa kostnadseffektiva l\u00f6sningar s\u00e5 \u00e4r ni v\u00e4lkomna att kontakta oss och presentera era produkter och tj\u00e4nster..<\/p>\t\t\t\t\t\t\t\t<\/div>\n\t\t\t\t<\/div>\n\t\t\t\t<div class=\"elementor-element elementor-element-ec248a2 elementor-mobile-align-center elementor-align-right elementor-widget elementor-widget-button\" data-id=\"ec248a2\" data-element_type=\"widget\" data-widget_type=\"button.default\">\n\t\t\t\t<div class=\"elementor-widget-container\">\n\t\t\t\t\t\t\t\t\t<div class=\"elementor-button-wrapper\">\n\t\t\t\t\t<a class=\"elementor-button elementor-button-link elementor-size-lg\" href=\"https:\/\/www.marinmaskin.com\/se\/contact\/\">\n\t\t\t\t\t\t<span class=\"elementor-button-content-wrapper\">\n\t\t\t\t\t\t\t\t\t<span class=\"elementor-button-text\">Tala med en specialist av v\u00e5ra konsument produkter<\/span>\n\t\t\t\t\t<\/span>\n\t\t\t\t\t<\/a>\n\t\t\t\t<\/div>\n\t\t\t\t\t\t\t\t<\/div>\n\t\t\t\t<\/div>\n\t\t\t\t\t<\/div>\n\t\t<\/div>\n\t\t\t\t\t<\/div>\n\t\t<\/section>\n\t\t\t\t\t<\/div>\n\t\t<\/div>\n\t\t\t\t\t<\/div>\n\t\t<\/section>\n\t\t\t\t<\/div>","protected":false},"excerpt":{"rendered":"<p>No matter the size of your problem, \ufeffwe solve it. We supply marine and industrial products and consumables. The main areas are engine spare parts, filter solutions and control and monitoring systems. We have a vast experience from our 35+ year in the business. Talk with a specialist Marine &#038; Industrial Equipment We work as [&hellip;]<\/p>\n","protected":false},"author":1,"featured_media":0,"parent":0,"menu_order":0,"comment_status":"closed","ping_status":"closed","template":"elementor_header_footer","meta":{"footnotes":""},"_links":{"self":[{"href":"https:\/\/www.marinmaskin.com\/se\/wp-json\/wp\/v2\/pages\/24"}],"collection":[{"href":"https:\/\/www.marinmaskin.com\/se\/wp-json\/wp\/v2\/pages"}],"about":[{"href":"https:\/\/www.marinmaskin.com\/se\/wp-json\/wp\/v2\/types\/page"}],"author":[{"embeddable":true,"href":"https:\/\/www.marinmaskin.com\/se\/wp-json\/wp\/v2\/users\/1"}],"replies":[{"embeddable":true,"href":"https:\/\/www.marinmaskin.com\/se\/wp-json\/wp\/v2\/comments?post=24"}],"version-history":[{"count":23,"href":"https:\/\/www.marinmaskin.com\/se\/wp-json\/wp\/v2\/pages\/24\/revisions"}],"predecessor-version":[{"id":314,"href":"https:\/\/www.marinmaskin.com\/se\/wp-json\/wp\/v2\/pages\/24\/revisions\/314"}],"wp:attachment":[{"href":"https:\/\/www.marinmaskin.com\/se\/wp-json\/wp\/v2\/media?parent=24"}],"curies":[{"name":"wp","href":"https:\/\/api.w.org\/{rel}","templated":true}]}}